{"id":1257,"date":"2025-03-21T15:21:43","date_gmt":"2025-03-21T14:21:43","guid":{"rendered":"https:\/\/x-crate.com\/?page_id=1257"},"modified":"2025-07-06T18:44:49","modified_gmt":"2025-07-06T16:44:49","slug":"condiciones-de-uso","status":"publish","type":"page","link":"https:\/\/x-crate.com\/es\/nutzungsbedingungen\/","title":{"rendered":"Condiciones de uso"},"content":{"rendered":"<div data-elementor-type=\"wp-page\" data-elementor-id=\"1257\" class=\"elementor elementor-1257\" data-elementor-post-type=\"page\">\n\t\t\t\t<div class=\"elementor-element elementor-element-1ab860e e-flex e-con-boxed e-con e-parent\" data-id=\"1ab860e\" data-element_type=\"container\" data-e-type=\"container\">\n\t\t\t\t\t<div class=\"e-con-inner\">\n\t\t\t\t<div class=\"elementor-element elementor-element-17edf00 elementor-widget elementor-widget-spacer\" data-id=\"17edf00\" data-element_type=\"widget\" data-e-type=\"widget\" data-widget_type=\"spacer.default\">\n\t\t\t\t<div class=\"elementor-widget-container\">\n\t\t\t\t\t\t\t<div class=\"elementor-spacer\">\n\t\t\t<div class=\"elementor-spacer-inner\"><\/div>\n\t\t<\/div>\n\t\t\t\t\t\t<\/div>\n\t\t\t\t<\/div>\n\t\t\t\t\t<\/div>\n\t\t\t\t<\/div>\n\t\t<div class=\"elementor-element elementor-element-4d0cbed e-flex e-con-boxed e-con e-parent\" data-id=\"4d0cbed\" data-element_type=\"container\" data-e-type=\"container\" data-settings=\"{&quot;background_background&quot;:&quot;classic&quot;}\">\n\t\t\t\t\t<div class=\"e-con-inner\">\n\t\t\t\t<div class=\"elementor-element elementor-element-b74a5f9 elementor-widget elementor-widget-text-editor\" data-id=\"b74a5f9\" data-element_type=\"widget\" data-e-type=\"widget\" data-widget_type=\"text-editor.default\">\n\t\t\t\t<div class=\"elementor-widget-container\">\n\t\t\t\t\t\t\t\t\t<p style=\"font-weight: 400;\"><strong>CONDICIONES DE USO DEL SITIO DE JUEGOS EN L\u00cdNEA (V\u00c1LIDAS EN TODA LA UE)<\/strong><\/p><p style=\"font-weight: 400;\"><strong>\u00c1mbito de aplicaci\u00f3n<\/strong><\/p><p style=\"font-weight: 400;\">Las presentes Condiciones de Uso regulan el uso de los contenidos digitales del sitio de juegos en l\u00ednea X-Crate, proporcionado por Fuchs Fabio, Rieckmann Ben Dierk GbR, Beethovenstra\u00dfe 6, 63768 H\u00f6sbach, Alemania (en adelante, el \"Proveedor\").<\/p><p style=\"font-weight: 400;\">Al acceder al sitio de juegos en l\u00ednea, los usuarios reconocen las presentes condiciones. El uso est\u00e1 destinado exclusivamente a los hu\u00e9spedes de alojamientos que dispongan de X-Crate.<\/p><p style=\"font-weight: 400;\"><strong>Utilizaci\u00f3n de contenidos digitales<\/strong><\/p><p>El sitio ofrece los siguientes contenidos:<\/p><ul><li>Instrucciones del juego en varios idiomas<\/li><li>Variantes y actualizaciones de juegos digitales<\/li><li>Contenido interactivo adicional<\/li><\/ul><p>El uso de los contenidos s\u00f3lo est\u00e1 permitido en relaci\u00f3n con el X-Crate.<\/p><p>Los contenidos no pueden copiarse, guardarse ni transmitirse a terceros.<\/p><p><strong>Normas de conducta y uso prohibido<\/strong><\/p><p>Est\u00e1 prohibido:<\/p><ul><li>copiar, transmitir o hacer p\u00fablicamente accesible cualquier contenido.<\/li><li>crear y distribuir capturas de pantalla o grabaciones.<\/li><li>Utilizar el sitio del juego para fines comerciales ajenos al uso de X-Crate.<\/li><li>Eludir o manipular los mecanismos t\u00e9cnicos de protecci\u00f3n.<\/li><\/ul><p>El incumplimiento de estas normas puede dar lugar al bloqueo inmediato del acceso y a acciones legales.<\/p><p><strong>Responsabilidad y disponibilidad t\u00e9cnica<\/strong><\/p><ul style=\"font-weight: 400;\"><li>El uso del sitio web del juego corre por su cuenta y riesgo.<\/li><li>El proveedor no se hace responsable del uso incorrecto de los juegos ni de los da\u00f1os causados por un uso inadecuado.<\/li><li>El proveedor no asume ninguna responsabilidad por fallos t\u00e9cnicos, trabajos de mantenimiento o fuerza mayor.<\/li><\/ul><p><strong>Legislaci\u00f3n aplicable y resoluci\u00f3n de litigios<\/strong><\/p><p>Se aplicar\u00e1 la legislaci\u00f3n alemana. Las disposiciones legales obligatorias del pa\u00eds del usuario no se ver\u00e1n afectadas.<\/p><p>Los litigios internacionales pueden resolverse a trav\u00e9s de la plataforma europea de resoluci\u00f3n de litigios en l\u00ednea (<span style=\"text-decoration: underline;\"><a href=\"https:\/\/ec.europa.eu\/consumers\/odr\">https:\/\/ec.europa.eu\/consumers\/odr<\/a><\/span>).<\/p><p><strong>Cambios en las condiciones de uso<\/strong><\/p><p>El proveedor se reserva el derecho de adaptar estas condiciones de uso si fuera necesario por motivos legales, t\u00e9cnicos u organizativos.<\/p><p>Se informar\u00e1 a los usuarios de los cambios significativos en la p\u00e1gina del juego.<\/p><p><strong>Derechos de propiedad y propiedad intelectual<\/strong><\/p><p>Todos los contenidos (textos, im\u00e1genes, v\u00eddeos, instrucciones, juegos) est\u00e1n protegidos por derechos de autor y son propiedad de Fuchs Fabio, Rieckmann Ben Dierk GbR.<\/p><p>Queda prohibido el uso comercial, la reproducci\u00f3n o la edici\u00f3n de los contenidos sin autorizaci\u00f3n expresa.<\/p><p>Las infracciones ser\u00e1n perseguidas y podr\u00e1n dar lugar a sanciones civiles y penales.<\/p><p><strong>Disposiciones finales<\/strong><\/p><p>Si una cl\u00e1usula de estas condiciones de uso no fuera v\u00e1lida, las dem\u00e1s disposiciones no se ver\u00e1n afectadas.<\/p><p>La cl\u00e1usula inv\u00e1lida se sustituir\u00e1 por una disposici\u00f3n admisible que se acerque lo m\u00e1s posible a la finalidad econ\u00f3mica.<\/p><p style=\"font-weight: 400;\"><strong>Contacto:<\/strong> Si tiene alguna pregunta o comentario, p\u00f3ngase en contacto con <a href=\"mailto:info@x-crate.com\">info@x-crate.com<\/a><\/p>\t\t\t\t\t\t\t\t<\/div>\n\t\t\t\t<\/div>\n\t\t\t\t\t<\/div>\n\t\t\t\t<\/div>\n\t\t\t\t<\/div>","protected":false},"excerpt":{"rendered":"<p>NUTZUNGSBEDINGUNGEN F\u00dcR DIE ONLINE-SPIELESEITE (EU-WEITE G\u00dcLTIGKEIT) Geltungsbereich Diese Nutzungsbedingungen regeln die Nutzung der digitalen Inhalte auf der X-Crate Online-Spieleseite, bereitgestellt [&hellip;]<\/p>\n","protected":false},"author":1,"featured_media":0,"parent":0,"menu_order":0,"comment_status":"closed","ping_status":"closed","template":"","meta":{"_acf_changed":false,"site-sidebar-layout":"default","site-content-layout":"","ast-site-content-layout":"default","site-content-style":"default","site-sidebar-style":"default","ast-global-header-display":"","ast-banner-title-visibility":"","ast-main-header-display":"","ast-hfb-above-header-display":"","ast-hfb-below-header-display":"","ast-hfb-mobile-header-display":"","site-post-title":"","ast-breadcrumbs-content":"","ast-featured-img":"","footer-sml-layout":"","ast-disable-related-posts":"","theme-transparent-header-meta":"","adv-header-id-meta":"","stick-header-meta":"","header-above-stick-meta":"","header-main-stick-meta":"","header-below-stick-meta":"","astra-migrate-meta-layouts":"default","ast-page-background-enabled":"default","ast-page-background-meta":{"desktop":{"background-color":"var(--ast-global-color-5)","background-image":"","background-repeat":"repeat","background-position":"center center","background-size":"auto","background-attachment":"scroll","background-type":"","background-media":"","overlay-type":"","overlay-color":"","overlay-opacity":"","overlay-gradient":""},"tablet":{"background-color":"","background-image":"","background-repeat":"repeat","background-position":"center center","background-size":"auto","background-attachment":"scroll","background-type":"","background-media":"","overlay-type":"","overlay-color":"","overlay-opacity":"","overlay-gradient":""},"mobile":{"background-color":"","background-image":"","background-repeat":"repeat","background-position":"center center","background-size":"auto","background-attachment":"scroll","background-type":"","background-media":"","overlay-type":"","overlay-color":"","overlay-opacity":"","overlay-gradient":""}},"ast-content-background-meta":{"desktop":{"background-color":"var(--ast-global-color-4)","background-image":"","background-repeat":"repeat","background-position":"center center","background-size":"auto","background-attachment":"scroll","background-type":"","background-media":"","overlay-type":"","overlay-color":"","overlay-opacity":"","overlay-gradient":""},"tablet":{"background-color":"var(--ast-global-color-4)","background-image":"","background-repeat":"repeat","background-position":"center center","background-size":"auto","background-attachment":"scroll","background-type":"","background-media":"","overlay-type":"","overlay-color":"","overlay-opacity":"","overlay-gradient":""},"mobile":{"background-color":"var(--ast-global-color-4)","background-image":"","background-repeat":"repeat","background-position":"center center","background-size":"auto","background-attachment":"scroll","background-type":"","background-media":"","overlay-type":"","overlay-color":"","overlay-opacity":"","overlay-gradient":""}},"footnotes":""},"class_list":["post-1257","page","type-page","status-publish","hentry"],"acf":[],"yoast_head":"<!-- This site is optimized with the Yoast SEO plugin v27.4 - https:\/\/yoast.com\/product\/yoast-seo-wordpress\/ -->\n<title>Nutzungsbedingungen - X-CRATE<\/title>\n<meta name=\"robots\" content=\"index, follow, max-snippet:-1, max-image-preview:large, max-video-preview:-1\" \/>\n<link rel=\"canonical\" href=\"https:\/\/x-crate.com\/es\/condiciones-de-uso\/\" \/>\n<meta property=\"og:locale\" content=\"es_ES\" \/>\n<meta property=\"og:type\" content=\"article\" \/>\n<meta property=\"og:title\" content=\"Nutzungsbedingungen - X-CRATE\" \/>\n<meta property=\"og:description\" content=\"NUTZUNGSBEDINGUNGEN F\u00dcR DIE ONLINE-SPIELESEITE (EU-WEITE G\u00dcLTIGKEIT) Geltungsbereich Diese Nutzungsbedingungen regeln die Nutzung der digitalen Inhalte auf der X-Crate Online-Spieleseite, bereitgestellt [&hellip;]\" \/>\n<meta property=\"og:url\" content=\"https:\/\/x-crate.com\/es\/condiciones-de-uso\/\" \/>\n<meta property=\"og:site_name\" content=\"X-CRATE\" \/>\n<meta property=\"article:publisher\" content=\"https:\/\/www.facebook.com\/xCrate.germany\" \/>\n<meta property=\"article:modified_time\" content=\"2025-07-06T16:44:49+00:00\" \/>\n<meta name=\"twitter:card\" content=\"summary_large_image\" \/>\n<meta name=\"twitter:label1\" content=\"Tiempo de lectura\" \/>\n\t<meta name=\"twitter:data1\" content=\"2 minutos\" \/>\n<script type=\"application\/ld+json\" class=\"yoast-schema-graph\">{\"@context\":\"https:\\\/\\\/schema.org\",\"@graph\":[{\"@type\":\"WebPage\",\"@id\":\"https:\\\/\\\/x-crate.com\\\/es\\\/condiciones-de-uso\\\/\",\"url\":\"https:\\\/\\\/x-crate.com\\\/es\\\/condiciones-de-uso\\\/\",\"name\":\"Nutzungsbedingungen - X-CRATE\",\"isPartOf\":{\"@id\":\"https:\\\/\\\/moccasin-hare-903999.hostingersite.com\\\/#website\"},\"datePublished\":\"2025-03-21T14:21:43+00:00\",\"dateModified\":\"2025-07-06T16:44:49+00:00\",\"breadcrumb\":{\"@id\":\"https:\\\/\\\/x-crate.com\\\/es\\\/condiciones-de-uso\\\/#breadcrumb\"},\"inLanguage\":\"es\",\"potentialAction\":[{\"@type\":\"ReadAction\",\"target\":[\"https:\\\/\\\/x-crate.com\\\/es\\\/condiciones-de-uso\\\/\"]}]},{\"@type\":\"BreadcrumbList\",\"@id\":\"https:\\\/\\\/x-crate.com\\\/es\\\/condiciones-de-uso\\\/#breadcrumb\",\"itemListElement\":[{\"@type\":\"ListItem\",\"position\":1,\"name\":\"Startseite\",\"item\":\"https:\\\/\\\/x-crate.com\\\/\"},{\"@type\":\"ListItem\",\"position\":2,\"name\":\"Nutzungsbedingungen\"}]},{\"@type\":\"WebSite\",\"@id\":\"https:\\\/\\\/moccasin-hare-903999.hostingersite.com\\\/#website\",\"url\":\"https:\\\/\\\/moccasin-hare-903999.hostingersite.com\\\/\",\"name\":\"X-CRATE\",\"description\":\"Outdoor Spielebox - Time to play!\",\"publisher\":{\"@id\":\"https:\\\/\\\/moccasin-hare-903999.hostingersite.com\\\/#organization\"},\"potentialAction\":[{\"@type\":\"SearchAction\",\"target\":{\"@type\":\"EntryPoint\",\"urlTemplate\":\"https:\\\/\\\/moccasin-hare-903999.hostingersite.com\\\/?s={search_term_string}\"},\"query-input\":{\"@type\":\"PropertyValueSpecification\",\"valueRequired\":true,\"valueName\":\"search_term_string\"}}],\"inLanguage\":\"es\"},{\"@type\":\"Organization\",\"@id\":\"https:\\\/\\\/moccasin-hare-903999.hostingersite.com\\\/#organization\",\"name\":\"X-CRATE\",\"url\":\"https:\\\/\\\/moccasin-hare-903999.hostingersite.com\\\/\",\"logo\":{\"@type\":\"ImageObject\",\"inLanguage\":\"es\",\"@id\":\"https:\\\/\\\/moccasin-hare-903999.hostingersite.com\\\/#\\\/schema\\\/logo\\\/image\\\/\",\"url\":\"https:\\\/\\\/x-crate.com\\\/wp-content\\\/uploads\\\/2025\\\/07\\\/Logo.svg\",\"contentUrl\":\"https:\\\/\\\/x-crate.com\\\/wp-content\\\/uploads\\\/2025\\\/07\\\/Logo.svg\",\"width\":4984,\"height\":3630,\"caption\":\"X-CRATE\"},\"image\":{\"@id\":\"https:\\\/\\\/moccasin-hare-903999.hostingersite.com\\\/#\\\/schema\\\/logo\\\/image\\\/\"},\"sameAs\":[\"https:\\\/\\\/www.facebook.com\\\/xCrate.germany\",\"https:\\\/\\\/www.instagram.com\\\/xcrate.de\\\/\",\"https:\\\/\\\/www.linkedin.com\\\/company\\\/x-crate\\\/\"]}]}<\/script>\n<!-- \/ Yoast SEO plugin. -->","yoast_head_json":{"title":"Condiciones de uso - X-CRATE","robots":{"index":"index","follow":"follow","max-snippet":"max-snippet:-1","max-image-preview":"max-image-preview:large","max-video-preview":"max-video-preview:-1"},"canonical":"https:\/\/x-crate.com\/es\/condiciones-de-uso\/","og_locale":"es_ES","og_type":"article","og_title":"Nutzungsbedingungen - X-CRATE","og_description":"NUTZUNGSBEDINGUNGEN F\u00dcR DIE ONLINE-SPIELESEITE (EU-WEITE G\u00dcLTIGKEIT) Geltungsbereich Diese Nutzungsbedingungen regeln die Nutzung der digitalen Inhalte auf der X-Crate Online-Spieleseite, bereitgestellt [&hellip;]","og_url":"https:\/\/x-crate.com\/es\/condiciones-de-uso\/","og_site_name":"X-CRATE","article_publisher":"https:\/\/www.facebook.com\/xCrate.germany","article_modified_time":"2025-07-06T16:44:49+00:00","twitter_card":"summary_large_image","twitter_misc":{"Tiempo de lectura":"2 minutos"},"schema":{"@context":"https:\/\/schema.org","@graph":[{"@type":"WebPage","@id":"https:\/\/x-crate.com\/es\/condiciones-de-uso\/","url":"https:\/\/x-crate.com\/es\/condiciones-de-uso\/","name":"Condiciones de uso - X-CRATE","isPartOf":{"@id":"https:\/\/moccasin-hare-903999.hostingersite.com\/#website"},"datePublished":"2025-03-21T14:21:43+00:00","dateModified":"2025-07-06T16:44:49+00:00","breadcrumb":{"@id":"https:\/\/x-crate.com\/es\/condiciones-de-uso\/#breadcrumb"},"inLanguage":"es","potentialAction":[{"@type":"ReadAction","target":["https:\/\/x-crate.com\/es\/condiciones-de-uso\/"]}]},{"@type":"BreadcrumbList","@id":"https:\/\/x-crate.com\/es\/condiciones-de-uso\/#breadcrumb","itemListElement":[{"@type":"ListItem","position":1,"name":"Startseite","item":"https:\/\/x-crate.com\/"},{"@type":"ListItem","position":2,"name":"Nutzungsbedingungen"}]},{"@type":"WebSite","@id":"https:\/\/moccasin-hare-903999.hostingersite.com\/#website","url":"https:\/\/moccasin-hare-903999.hostingersite.com\/","name":"X-CRATE","description":"Caja de juegos de exterior - \u00a1Hora de jugar!","publisher":{"@id":"https:\/\/moccasin-hare-903999.hostingersite.com\/#organization"},"potentialAction":[{"@type":"SearchAction","target":{"@type":"EntryPoint","urlTemplate":"https:\/\/moccasin-hare-903999.hostingersite.com\/?s={search_term_string}"},"query-input":{"@type":"PropertyValueSpecification","valueRequired":true,"valueName":"search_term_string"}}],"inLanguage":"es"},{"@type":"Organization","@id":"https:\/\/moccasin-hare-903999.hostingersite.com\/#organization","name":"X-CRATE","url":"https:\/\/moccasin-hare-903999.hostingersite.com\/","logo":{"@type":"ImageObject","inLanguage":"es","@id":"https:\/\/moccasin-hare-903999.hostingersite.com\/#\/schema\/logo\/image\/","url":"https:\/\/x-crate.com\/wp-content\/uploads\/2025\/07\/Logo.svg","contentUrl":"https:\/\/x-crate.com\/wp-content\/uploads\/2025\/07\/Logo.svg","width":4984,"height":3630,"caption":"X-CRATE"},"image":{"@id":"https:\/\/moccasin-hare-903999.hostingersite.com\/#\/schema\/logo\/image\/"},"sameAs":["https:\/\/www.facebook.com\/xCrate.germany","https:\/\/www.instagram.com\/xcrate.de\/","https:\/\/www.linkedin.com\/company\/x-crate\/"]}]}},"_links":{"self":[{"href":"https:\/\/x-crate.com\/es\/wp-json\/wp\/v2\/pages\/1257","targetHints":{"allow":["GET"]}}],"collection":[{"href":"https:\/\/x-crate.com\/es\/wp-json\/wp\/v2\/pages"}],"about":[{"href":"https:\/\/x-crate.com\/es\/wp-json\/wp\/v2\/types\/page"}],"author":[{"embeddable":true,"href":"https:\/\/x-crate.com\/es\/wp-json\/wp\/v2\/users\/1"}],"replies":[{"embeddable":true,"href":"https:\/\/x-crate.com\/es\/wp-json\/wp\/v2\/comments?post=1257"}],"version-history":[{"count":8,"href":"https:\/\/x-crate.com\/es\/wp-json\/wp\/v2\/pages\/1257\/revisions"}],"predecessor-version":[{"id":1905,"href":"https:\/\/x-crate.com\/es\/wp-json\/wp\/v2\/pages\/1257\/revisions\/1905"}],"wp:attachment":[{"href":"https:\/\/x-crate.com\/es\/wp-json\/wp\/v2\/media?parent=1257"}],"curies":[{"name":"wp","href":"https:\/\/api.w.org\/{rel}","templated":true}]}}