{"id":830,"date":"2024-12-13T14:20:47","date_gmt":"2024-12-13T13:20:47","guid":{"rendered":"https:\/\/x-crate.com\/datenschutzerklaerung\/"},"modified":"2025-07-06T18:42:02","modified_gmt":"2025-07-06T16:42:02","slug":"declaracion-de-proteccion-de-datos","status":"publish","type":"page","link":"https:\/\/x-crate.com\/es\/datenschutzerklaerung\/","title":{"rendered":"Pol\u00edtica de privacidad"},"content":{"rendered":"<div data-elementor-type=\"wp-page\" data-elementor-id=\"830\" class=\"elementor elementor-830\" data-elementor-post-type=\"page\">\n\t\t\t\t<div class=\"elementor-element elementor-element-4a806ff e-flex e-con-boxed e-con e-parent\" data-id=\"4a806ff\" data-element_type=\"container\" data-e-type=\"container\">\n\t\t\t\t\t<div class=\"e-con-inner\">\n\t\t\t\t<div class=\"elementor-element elementor-element-6156c40 elementor-widget elementor-widget-spacer\" data-id=\"6156c40\" data-element_type=\"widget\" data-e-type=\"widget\" data-widget_type=\"spacer.default\">\n\t\t\t\t<div class=\"elementor-widget-container\">\n\t\t\t\t\t\t\t<div class=\"elementor-spacer\">\n\t\t\t<div class=\"elementor-spacer-inner\"><\/div>\n\t\t<\/div>\n\t\t\t\t\t\t<\/div>\n\t\t\t\t<\/div>\n\t\t\t\t\t<\/div>\n\t\t\t\t<\/div>\n\t\t<div class=\"elementor-element elementor-element-6d9c96b7 e-flex e-con-boxed e-con e-parent\" data-id=\"6d9c96b7\" data-element_type=\"container\" data-e-type=\"container\" data-settings=\"{&quot;background_background&quot;:&quot;classic&quot;}\">\n\t\t\t\t\t<div class=\"e-con-inner\">\n\t\t\t\t<div class=\"elementor-element elementor-element-32fe27e5 elementor-widget elementor-widget-text-editor\" data-id=\"32fe27e5\" data-element_type=\"widget\" data-e-type=\"widget\" data-widget_type=\"text-editor.default\">\n\t\t\t\t<div class=\"elementor-widget-container\">\n\t\t\t\t\t\t\t\t\t<h3>1. la protecci\u00f3n de datos de un vistazo<\/h3><h4>Informaci\u00f3n general<\/h4><p>La siguiente informaci\u00f3n ofrece una visi\u00f3n general de lo que ocurre con sus datos personales cuando visita este sitio web. Por datos personales se entiende cualquier dato que pueda utilizarse para identificarle personalmente. Encontrar\u00e1 informaci\u00f3n detallada sobre el tema de la protecci\u00f3n de datos en nuestra declaraci\u00f3n de protecci\u00f3n de datos que figura debajo de este texto.<\/p><h3>2. recogida de datos en este sitio web<\/h3><h4>\u00bfQui\u00e9n es responsable de la recogida de datos en este sitio web?<\/h4><p>El tratamiento de datos en este sitio web lo lleva a cabo el operador del mismo. Encontrar\u00e1 los datos de contacto del operador en la secci\u00f3n \"Informaci\u00f3n sobre el responsable del tratamiento\" de esta pol\u00edtica de privacidad.<\/p><h4>\u00bfC\u00f3mo recogemos sus datos?<\/h4><p>Por un lado, sus datos se recogen cuando usted nos los facilita. Puede tratarse, por ejemplo, de datos que usted introduce en un formulario de contacto.<\/p><p>Nuestros sistemas inform\u00e1ticos recogen otros datos autom\u00e1ticamente o con su consentimiento cuando usted visita el sitio web. Se trata principalmente de datos t\u00e9cnicos (por ejemplo, navegador de Internet, sistema operativo o tiempo de visualizaci\u00f3n de la p\u00e1gina). Estos datos se recogen autom\u00e1ticamente en cuanto usted entra en este sitio web.<\/p><h4>Formulario de contacto para enviar sugerencias de juegos<\/h4><p>Si nos env\u00eda una sugerencia de juego utilizando el formulario de la p\u00e1gina de instrucciones del juego, procesaremos los datos personales que nos proporcione (nombre, direcci\u00f3n de correo electr\u00f3nico y el contenido enviado).<\/p><p>El tratamiento tiene lugar exclusivamente con el fin de ver, evaluar y, en caso necesario, seguir desarrollando nuevas ideas de juego en relaci\u00f3n con el X-Crate.<\/p><p>No se transmitir\u00e1 a terceros.<\/p><p>La base jur\u00eddica para el tratamiento es su consentimiento de conformidad con el art\u00edculo 6, apartado 1, letra a) del RGPD.<\/p><p>Puede revocar su consentimiento en cualquier momento con efectos para el futuro, por ejemplo, enviando un correo electr\u00f3nico a <a href=\"mailto:info@x-crate.com\">info@x-crate.com<\/a>.<\/p><h4>Uso de la p\u00e1gina de instrucciones de juego por los usuarios finales<\/h4><p>La p\u00e1gina de instrucciones de juego est\u00e1 dirigida a usuarios finales a los que se ha dado acceso a los contenidos proporcionados como parte de un uso de X-Crate (por ejemplo, hu\u00e9spedes de alojamientos vacacionales).<\/p><p>El contenido s\u00f3lo puede utilizarse con fines privados dentro del \u00e1mbito del uso previsto. Se proh\u00edbe el uso comercial, la reproducci\u00f3n o la distribuci\u00f3n de los contenidos.<\/p><p>Para m\u00e1s informaci\u00f3n, consulte nuestra <span style=\"text-decoration: underline;\"><a href=\"\/es\/condiciones-de-uso\/\" target=\"_blank\" rel=\"noopener\">Condiciones de uso<\/a><\/span>.<\/p><h4>\u00bfPara qu\u00e9 utilizamos sus datos?<\/h4><p>Algunos de los datos se recogen para garantizar que el sitio web se ofrece sin errores. Otros datos pueden utilizarse para analizar su comportamiento como usuario. En caso de que puedan celebrarse o iniciarse contratos a trav\u00e9s del sitio web, los datos transmitidos tambi\u00e9n se procesar\u00e1n para ofertas de contratos, pedidos u otras consultas de pedidos.<\/p><h4>\u00bfQu\u00e9 derechos tiene sobre sus datos?<\/h4><p>Tiene derecho a recibir informaci\u00f3n gratuita en cualquier momento sobre el origen, el destinatario y la finalidad de sus datos personales almacenados. Tambi\u00e9n tiene derecho a solicitar la correcci\u00f3n o supresi\u00f3n de estos datos. Si ha dado su consentimiento al tratamiento de datos, puede revocarlo en cualquier momento para el futuro. Tambi\u00e9n tiene derecho a solicitar la limitaci\u00f3n del tratamiento de sus datos personales en determinadas circunstancias. Adem\u00e1s, tiene derecho a presentar una reclamaci\u00f3n ante la autoridad de control competente.<\/p><p>Puede ponerse en contacto con nosotros en cualquier momento si tiene m\u00e1s preguntas sobre el tema de la protecci\u00f3n de datos.<\/p><h4>Herramientas de an\u00e1lisis y de terceros proveedores<\/h4><p>Cuando visita este sitio web, su comportamiento de navegaci\u00f3n puede ser evaluado estad\u00edsticamente. Esto se hace principalmente con los llamados programas de an\u00e1lisis.<\/p><p>Encontrar\u00e1 informaci\u00f3n detallada sobre estos programas de an\u00e1lisis en la siguiente pol\u00edtica de privacidad.<\/p><h3>3. alojamiento<\/h3><h4>Alojamiento externo<\/h4><p>Este sitio web est\u00e1 alojado en un servidor externo. Los datos personales recogidos en este sitio web se almacenan en los servidores del anfitri\u00f3n. Esto puede incluir direcciones IP, solicitudes de contacto, metadatos y datos de comunicaci\u00f3n, datos contractuales, datos de contacto, nombres, accesos al sitio web y otros datos generados a trav\u00e9s de un sitio web.<\/p><p>El alojamiento externo se lleva a cabo con el fin de cumplir el contrato con nuestros clientes potenciales y existentes (art. 6, apdo. 1, letra b del RGPD) y en inter\u00e9s de una prestaci\u00f3n segura, r\u00e1pida y eficiente de nuestra oferta en l\u00ednea por parte de un proveedor profesional (art. 6, apdo. 1, letra f del RGPD). Si se ha solicitado el correspondiente consentimiento, el tratamiento se realiza exclusivamente sobre la base del art. 6, apdo. 1, letra a del RGPD y del art. 25, apdo. 1 de la TDDDG. El consentimiento puede revocarse en cualquier momento.<\/p><p>Nuestro(s) anfitri\u00f3n(es) s\u00f3lo tratar\u00e1(n) sus datos en la medida necesaria para cumplir sus obligaciones de ejecuci\u00f3n y seguir nuestras instrucciones con respecto a estos datos.<\/p><h4>Tramitaci\u00f3n de pedidos<\/h4><p>Hemos celebrado un acuerdo de tratamiento de datos (APD) para el uso del servicio mencionado. Se trata de un contrato prescrito por la ley de protecci\u00f3n de datos, que garantiza que procesa los datos personales de los visitantes de nuestro sitio web \u00fanicamente de acuerdo con nuestras instrucciones y en cumplimiento del GDPR.<\/p><p><strong>Hoster:<\/strong><br \/>dogado GmbH<br \/>Antonio-Segni-Strasse 11<br \/>44263 Dortmund<\/p><h3>4 Notas generales e informaci\u00f3n obligatoria<\/h3><h4>Protecci\u00f3n de datos<\/h4><p>Los operadores de estas p\u00e1ginas se toman muy en serio la protecci\u00f3n de sus datos personales. Tratamos sus datos personales de forma confidencial y de conformidad con las disposiciones legales sobre protecci\u00f3n de datos y la presente pol\u00edtica de privacidad.<\/p><p>Cuando usted utiliza este sitio web, se recogen diversos datos personales. Esta pol\u00edtica de privacidad explica qu\u00e9 datos recogemos y para qu\u00e9 los utilizamos. Tambi\u00e9n explica c\u00f3mo y con qu\u00e9 fin se hace.<\/p><p>Nos gustar\u00eda se\u00f1alar que la transmisi\u00f3n de datos a trav\u00e9s de Internet (por ejemplo, cuando se comunica por correo electr\u00f3nico) puede estar sujeta a vulnerabilidades de seguridad. No es posible proteger completamente los datos contra el acceso de terceros.<\/p><h4>Nota sobre el organismo responsable<\/h4><p>El responsable del tratamiento de datos en este sitio web es<\/p><p>Fuchs Fabio, Rieckmann Ben Dierk GbR<br \/>Beethovenstrasse 6<br \/>63768 H\u00f6sbach<br \/>Tel\u00e9fono: +49 6021 3274507<br \/>E-Mail: <a href=\"mailto:info@x-crate.com\">info@x-crate.com<\/a><\/p><p>El responsable del tratamiento es la persona f\u00edsica o jur\u00eddica que, sola o conjuntamente con otras, determina los fines y medios del tratamiento de datos personales.<\/p><h4>Duraci\u00f3n del almacenamiento<\/h4><p>A menos que se haya especificado un periodo de conservaci\u00f3n m\u00e1s concreto en esta pol\u00edtica de privacidad, sus datos personales permanecer\u00e1n con nosotros hasta que el prop\u00f3sito del tratamiento de datos deje de ser aplicable. Si hace valer una solicitud justificada de supresi\u00f3n o revoca su consentimiento para el tratamiento de datos, sus datos se suprimir\u00e1n, a menos que tengamos otros motivos legalmente admisibles para almacenar sus datos personales (por ejemplo, periodos de conservaci\u00f3n en virtud de la legislaci\u00f3n fiscal o mercantil); en este \u00faltimo caso, la supresi\u00f3n tendr\u00e1 lugar cuando dejen de aplicarse dichos motivos.<\/p><h4>Informaci\u00f3n general sobre la base jur\u00eddica<\/h4><p>Si ha dado su consentimiento para el tratamiento de datos, procesamos sus datos personales sobre la base del art\u00edculo 6, apartado 1, letra a) del RGPD o del art\u00edculo 9, apartado 2, letra a) del RGPD. En caso de consentimiento expreso para la transferencia de datos personales a terceros pa\u00edses, el tratamiento de datos se realiza sobre la base del art. 49 p\u00e1rr. 1 lit. a GDPR. El tratamiento para el cumplimiento de un contrato se basa en el art\u00edculo 6, apartado 1, letra b) del RGPD, el tratamiento para cumplir una obligaci\u00f3n legal se basa en el art\u00edculo 6, apartado 1, letra c) del RGPD, y el tratamiento basado en nuestro inter\u00e9s leg\u00edtimo se basa en el art\u00edculo 6, apartado 1, letra f) del RGPD.<\/p><h4>Destinatarios de los datos personales<\/h4><p>En el marco de nuestras actividades empresariales, colaboramos con diversas organizaciones externas. Esto tambi\u00e9n puede requerir la transferencia de datos personales. Esto s\u00f3lo tiene lugar sobre la base de uno de los fundamentos jur\u00eddicos antes mencionados.<\/p><h4>Revocaci\u00f3n de su consentimiento para el tratamiento de datos<\/h4><p>Muchas operaciones de tratamiento de datos s\u00f3lo son posibles con su consentimiento expreso. Puede revocar en cualquier momento el consentimiento que ya haya dado. Esto no afecta a la legalidad del tratamiento realizado hasta el momento de la revocaci\u00f3n.<\/p><h4>Derecho de oposici\u00f3n<\/h4><p>Tiene derecho a oponerse en cualquier momento, por motivos relacionados con su situaci\u00f3n particular, al tratamiento de sus datos personales basado en las letras e) o f) del apartado 1 del art\u00edculo 6 del RGPD. Esto tambi\u00e9n se aplica a la elaboraci\u00f3n de perfiles basados en estas disposiciones.<\/p><p>Si presenta una objeci\u00f3n, sus datos personales dejar\u00e1n de tratarse a menos que existan motivos leg\u00edtimos imperiosos para ello.<\/p><p>Si sus datos personales se procesan con fines de marketing directo, tiene derecho a oponerse a ello en cualquier momento.<\/p><h4>Derecho a presentar una reclamaci\u00f3n ante la autoridad de control<\/h4><p>En caso de infracci\u00f3n del RGPD, tiene derecho a presentar una reclamaci\u00f3n ante la autoridad de control competente.<\/p><h4>Derecho a la portabilidad de los datos<\/h4><p>Usted tiene derecho a que los datos que tratamos autom\u00e1ticamente sobre la base de su consentimiento o en cumplimiento de un contrato le sean entregados en un formato de uso com\u00fan legible por m\u00e1quina o -cuando sea t\u00e9cnicamente factible- transferidos a otro responsable del tratamiento.<\/p><h4>Informaci\u00f3n, supresi\u00f3n, rectificaci\u00f3n<\/h4><p>Usted tiene derecho a recibir informaci\u00f3n sobre sus datos personales almacenados, su origen y destinatarios, la finalidad del tratamiento de los datos y, en caso necesario, el derecho de rectificaci\u00f3n o supresi\u00f3n de estos datos en cualquier momento en el marco de las disposiciones legales aplicables.<\/p><h4>Derecho a la limitaci\u00f3n del tratamiento<\/h4><p>Tiene derecho a solicitar la limitaci\u00f3n del tratamiento de sus datos personales. Este es el caso, por ejemplo, si impugna la exactitud de los datos, el tratamiento es ilegal o ha presentado una objeci\u00f3n.<\/p><h4>Cifrado SSL o TLS<\/h4><p>Este sitio utiliza el cifrado SSL o TLS por razones de seguridad y para proteger la transmisi\u00f3n de contenidos confidenciales. Puede reconocer una conexi\u00f3n encriptada por el \"https:\/\/\" en la barra de direcciones y el s\u00edmbolo del candado en el navegador.<\/p><h3>5. galletas<\/h3><p>Nuestras p\u00e1ginas de Internet utilizan las llamadas cookies. Estas sirven para que nuestro sitio web sea m\u00e1s f\u00e1cil de usar, eficaz y seguro.<\/p><p>Las cookies que son necesarias para llevar a cabo el proceso de comunicaci\u00f3n electr\u00f3nica o para proporcionar ciertas funciones se almacenan sobre la base del Art. 6 p\u00e1rrafo 1 lit. f GDPR. Las dem\u00e1s cookies solo se almacenan con consentimiento (art. 6, apdo. 1, letra a) del GDPR, art. 25, apdo. 1 de la TDDDG).<\/p><p>Puede configurar su navegador para que le informe sobre la instalaci\u00f3n de cookies y permitirlas s\u00f3lo en casos concretos o excluirlas de forma general.<\/p><h3>6. herramientas de an\u00e1lisis<\/h3><h4>Estad\u00edsticas WP<\/h4><p>Este sitio web utiliza la herramienta WP Statistics para analizar el acceso de los visitantes. El proveedor es Veronalabs, Estonia (<span style=\"text-decoration: underline;\"><a href=\"https:\/\/veronalabs.com\" target=\"_blank\" rel=\"noopener\">veronalabs.com<\/a><\/span>).<\/p><p>Las direcciones IP se almacenan de forma an\u00f3nima. Los datos se procesan exclusivamente en nuestro servidor.<\/p><h3>7. plugins y herramientas<\/h3><h4>Fuentes Google<\/h4><p>Utilizamos Google Fonts para la visualizaci\u00f3n estandarizada de fuentes. Al cargar las fuentes se establece una conexi\u00f3n con los servidores de Google. El uso se basa en el Art. 6 p\u00e1rrafo 1 lit. f GDPR. Para m\u00e1s informaci\u00f3n: <span style=\"text-decoration: underline;\"><a href=\"https:\/\/policies.google.com\/privacy\" target=\"_blank\" rel=\"noopener\">Google Privacidad<\/a><\/span>.<\/p><h4>Google Maps<\/h4><p>Este sitio web utiliza Google Maps para mostrar mapas interactivos. Al utilizarlo, es posible que se transmitan datos personales (por ejemplo, la direcci\u00f3n IP) a Google. El uso se basa en el art. 6 p\u00e1rr. 1 lit. f GDPR.<\/p><h4>hCaptcha<\/h4><p>Utilizamos hCaptcha para evitar entradas automatizadas. El proveedor es Intuition Machines Inc, EE.UU.. El tratamiento se realiza sobre la base del art. 6 p\u00e1rr. 1 lit. f GDPR. Encontrar\u00e1 m\u00e1s informaci\u00f3n en: <span style=\"text-decoration: underline;\"><a href=\"https:\/\/www.hcaptcha.com\/privacy\" target=\"_blank\" rel=\"noopener\">hcaptcha.com\/privacidad<\/a><\/span>.<\/p><p>Fuente: <span style=\"text-decoration: underline;\"><a href=\"https:\/\/www.e-recht24.de\" target=\"_blank\" rel=\"noopener\">www.e-recht24.de<\/a><\/span><\/p><p><br \/><br \/><\/p>\t\t\t\t\t\t\t\t<\/div>\n\t\t\t\t<\/div>\n\t\t\t\t\t<\/div>\n\t\t\t\t<\/div>\n\t\t\t\t<\/div>","protected":false},"excerpt":{"rendered":"<p>1. Datenschutz auf einen Blick Allgemeine Hinweise Die folgenden Hinweise geben einen einfachen \u00dcberblick dar\u00fcber, was mit Ihren personenbezogenen Daten [&hellip;]<\/p>\n","protected":false},"author":1,"featured_media":0,"parent":0,"menu_order":0,"comment_status":"closed","ping_status":"closed","template":"","meta":{"_acf_changed":false,"site-sidebar-layout":"default","site-content-layout":"","ast-site-content-layout":"default","site-content-style":"default","site-sidebar-style":"default","ast-global-header-display":"","ast-banner-title-visibility":"","ast-main-header-display":"","ast-hfb-above-header-display":"","ast-hfb-below-header-display":"","ast-hfb-mobile-header-display":"","site-post-title":"","ast-breadcrumbs-content":"","ast-featured-img":"","footer-sml-layout":"","ast-disable-related-posts":"","theme-transparent-header-meta":"","adv-header-id-meta":"","stick-header-meta":"","header-above-stick-meta":"","header-main-stick-meta":"","header-below-stick-meta":"","astra-migrate-meta-layouts":"default","ast-page-background-enabled":"default","ast-page-background-meta":{"desktop":{"background-color":"var(--ast-global-color-5)","background-image":"","background-repeat":"repeat","background-position":"center center","background-size":"auto","background-attachment":"scroll","background-type":"","background-media":"","overlay-type":"","overlay-color":"","overlay-opacity":"","overlay-gradient":""},"tablet":{"background-color":"","background-image":"","background-repeat":"repeat","background-position":"center center","background-size":"auto","background-attachment":"scroll","background-type":"","background-media":"","overlay-type":"","overlay-color":"","overlay-opacity":"","overlay-gradient":""},"mobile":{"background-color":"","background-image":"","background-repeat":"repeat","background-position":"center center","background-size":"auto","background-attachment":"scroll","background-type":"","background-media":"","overlay-type":"","overlay-color":"","overlay-opacity":"","overlay-gradient":""}},"ast-content-background-meta":{"desktop":{"background-color":"var(--ast-global-color-4)","background-image":"","background-repeat":"repeat","background-position":"center center","background-size":"auto","background-attachment":"scroll","background-type":"","background-media":"","overlay-type":"","overlay-color":"","overlay-opacity":"","overlay-gradient":""},"tablet":{"background-color":"var(--ast-global-color-4)","background-image":"","background-repeat":"repeat","background-position":"center center","background-size":"auto","background-attachment":"scroll","background-type":"","background-media":"","overlay-type":"","overlay-color":"","overlay-opacity":"","overlay-gradient":""},"mobile":{"background-color":"var(--ast-global-color-4)","background-image":"","background-repeat":"repeat","background-position":"center center","background-size":"auto","background-attachment":"scroll","background-type":"","background-media":"","overlay-type":"","overlay-color":"","overlay-opacity":"","overlay-gradient":""}},"footnotes":""},"class_list":["post-830","page","type-page","status-publish","hentry"],"acf":[],"yoast_head":"<!-- This site is optimized with the Yoast SEO plugin v27.4 - https:\/\/yoast.com\/product\/yoast-seo-wordpress\/ -->\n<title>Datenschutzerkl\u00e4rung - X-CRATE<\/title>\n<meta name=\"robots\" content=\"index, follow, max-snippet:-1, max-image-preview:large, max-video-preview:-1\" \/>\n<link rel=\"canonical\" href=\"https:\/\/x-crate.com\/es\/declaracion-de-proteccion-de-datos\/\" \/>\n<meta property=\"og:locale\" content=\"es_ES\" \/>\n<meta property=\"og:type\" content=\"article\" \/>\n<meta property=\"og:title\" content=\"Datenschutzerkl\u00e4rung - X-CRATE\" \/>\n<meta property=\"og:description\" content=\"1. Datenschutz auf einen Blick Allgemeine Hinweise Die folgenden Hinweise geben einen einfachen \u00dcberblick dar\u00fcber, was mit Ihren personenbezogenen Daten [&hellip;]\" \/>\n<meta property=\"og:url\" content=\"https:\/\/x-crate.com\/es\/declaracion-de-proteccion-de-datos\/\" \/>\n<meta property=\"og:site_name\" content=\"X-CRATE\" \/>\n<meta property=\"article:publisher\" content=\"https:\/\/www.facebook.com\/xCrate.germany\" \/>\n<meta property=\"article:modified_time\" content=\"2025-07-06T16:42:02+00:00\" \/>\n<meta name=\"twitter:card\" content=\"summary_large_image\" \/>\n<meta name=\"twitter:label1\" content=\"Tiempo de lectura\" \/>\n\t<meta name=\"twitter:data1\" content=\"8 minutos\" \/>\n<script type=\"application\/ld+json\" class=\"yoast-schema-graph\">{\"@context\":\"https:\\\/\\\/schema.org\",\"@graph\":[{\"@type\":\"WebPage\",\"@id\":\"https:\\\/\\\/x-crate.com\\\/es\\\/declaracion-de-proteccion-de-datos\\\/\",\"url\":\"https:\\\/\\\/x-crate.com\\\/es\\\/declaracion-de-proteccion-de-datos\\\/\",\"name\":\"Datenschutzerkl\u00e4rung - X-CRATE\",\"isPartOf\":{\"@id\":\"https:\\\/\\\/moccasin-hare-903999.hostingersite.com\\\/#website\"},\"datePublished\":\"2024-12-13T13:20:47+00:00\",\"dateModified\":\"2025-07-06T16:42:02+00:00\",\"breadcrumb\":{\"@id\":\"https:\\\/\\\/x-crate.com\\\/es\\\/declaracion-de-proteccion-de-datos\\\/#breadcrumb\"},\"inLanguage\":\"es\",\"potentialAction\":[{\"@type\":\"ReadAction\",\"target\":[\"https:\\\/\\\/x-crate.com\\\/es\\\/declaracion-de-proteccion-de-datos\\\/\"]}]},{\"@type\":\"BreadcrumbList\",\"@id\":\"https:\\\/\\\/x-crate.com\\\/es\\\/declaracion-de-proteccion-de-datos\\\/#breadcrumb\",\"itemListElement\":[{\"@type\":\"ListItem\",\"position\":1,\"name\":\"Startseite\",\"item\":\"https:\\\/\\\/x-crate.com\\\/\"},{\"@type\":\"ListItem\",\"position\":2,\"name\":\"Datenschutzerkl\u00e4rung\"}]},{\"@type\":\"WebSite\",\"@id\":\"https:\\\/\\\/moccasin-hare-903999.hostingersite.com\\\/#website\",\"url\":\"https:\\\/\\\/moccasin-hare-903999.hostingersite.com\\\/\",\"name\":\"X-CRATE\",\"description\":\"Outdoor Spielebox - Time to play!\",\"publisher\":{\"@id\":\"https:\\\/\\\/moccasin-hare-903999.hostingersite.com\\\/#organization\"},\"potentialAction\":[{\"@type\":\"SearchAction\",\"target\":{\"@type\":\"EntryPoint\",\"urlTemplate\":\"https:\\\/\\\/moccasin-hare-903999.hostingersite.com\\\/?s={search_term_string}\"},\"query-input\":{\"@type\":\"PropertyValueSpecification\",\"valueRequired\":true,\"valueName\":\"search_term_string\"}}],\"inLanguage\":\"es\"},{\"@type\":\"Organization\",\"@id\":\"https:\\\/\\\/moccasin-hare-903999.hostingersite.com\\\/#organization\",\"name\":\"X-CRATE\",\"url\":\"https:\\\/\\\/moccasin-hare-903999.hostingersite.com\\\/\",\"logo\":{\"@type\":\"ImageObject\",\"inLanguage\":\"es\",\"@id\":\"https:\\\/\\\/moccasin-hare-903999.hostingersite.com\\\/#\\\/schema\\\/logo\\\/image\\\/\",\"url\":\"https:\\\/\\\/x-crate.com\\\/wp-content\\\/uploads\\\/2025\\\/07\\\/Logo.svg\",\"contentUrl\":\"https:\\\/\\\/x-crate.com\\\/wp-content\\\/uploads\\\/2025\\\/07\\\/Logo.svg\",\"width\":4984,\"height\":3630,\"caption\":\"X-CRATE\"},\"image\":{\"@id\":\"https:\\\/\\\/moccasin-hare-903999.hostingersite.com\\\/#\\\/schema\\\/logo\\\/image\\\/\"},\"sameAs\":[\"https:\\\/\\\/www.facebook.com\\\/xCrate.germany\",\"https:\\\/\\\/www.instagram.com\\\/xcrate.de\\\/\",\"https:\\\/\\\/www.linkedin.com\\\/company\\\/x-crate\\\/\"]}]}<\/script>\n<!-- \/ Yoast SEO plugin. -->","yoast_head_json":{"title":"Pol\u00edtica de privacidad - X-CRATE","robots":{"index":"index","follow":"follow","max-snippet":"max-snippet:-1","max-image-preview":"max-image-preview:large","max-video-preview":"max-video-preview:-1"},"canonical":"https:\/\/x-crate.com\/es\/declaracion-de-proteccion-de-datos\/","og_locale":"es_ES","og_type":"article","og_title":"Datenschutzerkl\u00e4rung - X-CRATE","og_description":"1. Datenschutz auf einen Blick Allgemeine Hinweise Die folgenden Hinweise geben einen einfachen \u00dcberblick dar\u00fcber, was mit Ihren personenbezogenen Daten [&hellip;]","og_url":"https:\/\/x-crate.com\/es\/declaracion-de-proteccion-de-datos\/","og_site_name":"X-CRATE","article_publisher":"https:\/\/www.facebook.com\/xCrate.germany","article_modified_time":"2025-07-06T16:42:02+00:00","twitter_card":"summary_large_image","twitter_misc":{"Tiempo de lectura":"8 minutos"},"schema":{"@context":"https:\/\/schema.org","@graph":[{"@type":"WebPage","@id":"https:\/\/x-crate.com\/es\/declaracion-de-proteccion-de-datos\/","url":"https:\/\/x-crate.com\/es\/declaracion-de-proteccion-de-datos\/","name":"Pol\u00edtica de privacidad - X-CRATE","isPartOf":{"@id":"https:\/\/moccasin-hare-903999.hostingersite.com\/#website"},"datePublished":"2024-12-13T13:20:47+00:00","dateModified":"2025-07-06T16:42:02+00:00","breadcrumb":{"@id":"https:\/\/x-crate.com\/es\/declaracion-de-proteccion-de-datos\/#breadcrumb"},"inLanguage":"es","potentialAction":[{"@type":"ReadAction","target":["https:\/\/x-crate.com\/es\/declaracion-de-proteccion-de-datos\/"]}]},{"@type":"BreadcrumbList","@id":"https:\/\/x-crate.com\/es\/declaracion-de-proteccion-de-datos\/#breadcrumb","itemListElement":[{"@type":"ListItem","position":1,"name":"Startseite","item":"https:\/\/x-crate.com\/"},{"@type":"ListItem","position":2,"name":"Datenschutzerkl\u00e4rung"}]},{"@type":"WebSite","@id":"https:\/\/moccasin-hare-903999.hostingersite.com\/#website","url":"https:\/\/moccasin-hare-903999.hostingersite.com\/","name":"X-CRATE","description":"Caja de juegos de exterior - \u00a1Hora de jugar!","publisher":{"@id":"https:\/\/moccasin-hare-903999.hostingersite.com\/#organization"},"potentialAction":[{"@type":"SearchAction","target":{"@type":"EntryPoint","urlTemplate":"https:\/\/moccasin-hare-903999.hostingersite.com\/?s={search_term_string}"},"query-input":{"@type":"PropertyValueSpecification","valueRequired":true,"valueName":"search_term_string"}}],"inLanguage":"es"},{"@type":"Organization","@id":"https:\/\/moccasin-hare-903999.hostingersite.com\/#organization","name":"X-CRATE","url":"https:\/\/moccasin-hare-903999.hostingersite.com\/","logo":{"@type":"ImageObject","inLanguage":"es","@id":"https:\/\/moccasin-hare-903999.hostingersite.com\/#\/schema\/logo\/image\/","url":"https:\/\/x-crate.com\/wp-content\/uploads\/2025\/07\/Logo.svg","contentUrl":"https:\/\/x-crate.com\/wp-content\/uploads\/2025\/07\/Logo.svg","width":4984,"height":3630,"caption":"X-CRATE"},"image":{"@id":"https:\/\/moccasin-hare-903999.hostingersite.com\/#\/schema\/logo\/image\/"},"sameAs":["https:\/\/www.facebook.com\/xCrate.germany","https:\/\/www.instagram.com\/xcrate.de\/","https:\/\/www.linkedin.com\/company\/x-crate\/"]}]}},"_links":{"self":[{"href":"https:\/\/x-crate.com\/es\/wp-json\/wp\/v2\/pages\/830","targetHints":{"allow":["GET"]}}],"collection":[{"href":"https:\/\/x-crate.com\/es\/wp-json\/wp\/v2\/pages"}],"about":[{"href":"https:\/\/x-crate.com\/es\/wp-json\/wp\/v2\/types\/page"}],"author":[{"embeddable":true,"href":"https:\/\/x-crate.com\/es\/wp-json\/wp\/v2\/users\/1"}],"replies":[{"embeddable":true,"href":"https:\/\/x-crate.com\/es\/wp-json\/wp\/v2\/comments?post=830"}],"version-history":[{"count":5,"href":"https:\/\/x-crate.com\/es\/wp-json\/wp\/v2\/pages\/830\/revisions"}],"predecessor-version":[{"id":1896,"href":"https:\/\/x-crate.com\/es\/wp-json\/wp\/v2\/pages\/830\/revisions\/1896"}],"wp:attachment":[{"href":"https:\/\/x-crate.com\/es\/wp-json\/wp\/v2\/media?parent=830"}],"curies":[{"name":"wp","href":"https:\/\/api.w.org\/{rel}","templated":true}]}}