{"id":831,"date":"2024-12-13T14:20:47","date_gmt":"2024-12-13T13:20:47","guid":{"rendered":"https:\/\/x-crate.com\/impressum\/"},"modified":"2025-07-25T11:10:02","modified_gmt":"2025-07-25T09:10:02","slug":"imprimir","status":"publish","type":"page","link":"https:\/\/x-crate.com\/es\/impressum\/","title":{"rendered":"Pie de imprenta"},"content":{"rendered":"<div data-elementor-type=\"wp-page\" data-elementor-id=\"831\" class=\"elementor elementor-831\" data-elementor-post-type=\"page\">\n\t\t\t\t<div class=\"elementor-element elementor-element-10b10d1 e-flex e-con-boxed e-con e-parent\" data-id=\"10b10d1\" data-element_type=\"container\" data-e-type=\"container\">\n\t\t\t\t\t<div class=\"e-con-inner\">\n\t\t\t\t<div class=\"elementor-element elementor-element-e254aaa elementor-widget elementor-widget-spacer\" data-id=\"e254aaa\" data-element_type=\"widget\" data-e-type=\"widget\" data-widget_type=\"spacer.default\">\n\t\t\t\t<div class=\"elementor-widget-container\">\n\t\t\t\t\t\t\t<div class=\"elementor-spacer\">\n\t\t\t<div class=\"elementor-spacer-inner\"><\/div>\n\t\t<\/div>\n\t\t\t\t\t\t<\/div>\n\t\t\t\t<\/div>\n\t\t\t\t\t<\/div>\n\t\t\t\t<\/div>\n\t\t<div class=\"elementor-element elementor-element-f00f224 e-flex e-con-boxed e-con e-parent\" data-id=\"f00f224\" data-element_type=\"container\" data-e-type=\"container\" data-settings=\"{&quot;background_background&quot;:&quot;classic&quot;}\">\n\t\t\t\t\t<div class=\"e-con-inner\">\n\t\t\t\t<div class=\"elementor-element elementor-element-2bbc8af elementor-widget elementor-widget-text-editor\" data-id=\"2bbc8af\" data-element_type=\"widget\" data-e-type=\"widget\" data-widget_type=\"text-editor.default\">\n\t\t\t\t<div class=\"elementor-widget-container\">\n\t\t\t\t\t\t\t\t\t<h3>Pie de imprenta<\/h3><p>Fuchs Fabio, Rieckmann Ben Dierk GbR<br \/>Beethovenstrasse 6<br \/>63768 H\u00f6sbach<\/p><p><strong>Representado por:<\/strong><br \/>Rieckmann Ben Dierk, Fuchs Fabio<\/p><h5>\u00a0<\/h5><h5>P\u00f3ngase en contacto con nosotros<\/h5><p>Tel\u00e9fono: +496021 3274507<br \/>Correo electr\u00f3nico: info@x-crate.com<\/p><h5>N\u00famero de identificaci\u00f3n fiscal<\/h5><p>N\u00famero de identificaci\u00f3n fiscal conforme al art\u00edculo 27 a de la Ley del impuesto sobre el volumen de negocios:<br \/>DE368744471<\/p><h5>Resoluci\u00f3n de litigios de consumo\/centro de arbitraje universal<\/h5><p>No estamos dispuestos ni obligados a participar en procedimientos de resoluci\u00f3n de litigios ante una junta arbitral de consumo.<\/p><p>Fuente: <a href=\"https:\/\/www.e-recht24.de\">https:\/\/www.e-recht24.de<\/a><\/p>\t\t\t\t\t\t\t\t<\/div>\n\t\t\t\t<\/div>\n\t\t\t\t\t<\/div>\n\t\t\t\t<\/div>\n\t\t\t\t<\/div>","protected":false},"excerpt":{"rendered":"<p>Impressum Fuchs Fabio, Rieckmann Ben Dierk GbRBeethovenstra\u00dfe 663768 H\u00f6sbach Vertreten durch:Rieckmann Ben Dierk, Fuchs Fabio \u00a0 Kontakt Telefon: +496021 3274507E-Mail: [&hellip;]<\/p>\n","protected":false},"author":1,"featured_media":0,"parent":0,"menu_order":0,"comment_status":"closed","ping_status":"closed","template":"","meta":{"_acf_changed":false,"site-sidebar-layout":"default","site-content-layout":"","ast-site-content-layout":"default","site-content-style":"default","site-sidebar-style":"default","ast-global-header-display":"","ast-banner-title-visibility":"","ast-main-header-display":"","ast-hfb-above-header-display":"","ast-hfb-below-header-display":"","ast-hfb-mobile-header-display":"","site-post-title":"","ast-breadcrumbs-content":"","ast-featured-img":"","footer-sml-layout":"","ast-disable-related-posts":"","theme-transparent-header-meta":"","adv-header-id-meta":"","stick-header-meta":"","header-above-stick-meta":"","header-main-stick-meta":"","header-below-stick-meta":"","astra-migrate-meta-layouts":"default","ast-page-background-enabled":"default","ast-page-background-meta":{"desktop":{"background-color":"var(--ast-global-color-5)","background-image":"","background-repeat":"repeat","background-position":"center center","background-size":"auto","background-attachment":"scroll","background-type":"","background-media":"","overlay-type":"","overlay-color":"","overlay-opacity":"","overlay-gradient":""},"tablet":{"background-color":"","background-image":"","background-repeat":"repeat","background-position":"center center","background-size":"auto","background-attachment":"scroll","background-type":"","background-media":"","overlay-type":"","overlay-color":"","overlay-opacity":"","overlay-gradient":""},"mobile":{"background-color":"","background-image":"","background-repeat":"repeat","background-position":"center center","background-size":"auto","background-attachment":"scroll","background-type":"","background-media":"","overlay-type":"","overlay-color":"","overlay-opacity":"","overlay-gradient":""}},"ast-content-background-meta":{"desktop":{"background-color":"var(--ast-global-color-4)","background-image":"","background-repeat":"repeat","background-position":"center center","background-size":"auto","background-attachment":"scroll","background-type":"","background-media":"","overlay-type":"","overlay-color":"","overlay-opacity":"","overlay-gradient":""},"tablet":{"background-color":"var(--ast-global-color-4)","background-image":"","background-repeat":"repeat","background-position":"center center","background-size":"auto","background-attachment":"scroll","background-type":"","background-media":"","overlay-type":"","overlay-color":"","overlay-opacity":"","overlay-gradient":""},"mobile":{"background-color":"var(--ast-global-color-4)","background-image":"","background-repeat":"repeat","background-position":"center center","background-size":"auto","background-attachment":"scroll","background-type":"","background-media":"","overlay-type":"","overlay-color":"","overlay-opacity":"","overlay-gradient":""}},"footnotes":""},"class_list":["post-831","page","type-page","status-publish","hentry"],"acf":[],"yoast_head":"<!-- This site is optimized with the Yoast SEO plugin v27.4 - https:\/\/yoast.com\/product\/yoast-seo-wordpress\/ -->\n<title>Impressum - X-CRATE<\/title>\n<meta name=\"robots\" content=\"index, follow, max-snippet:-1, max-image-preview:large, max-video-preview:-1\" \/>\n<link rel=\"canonical\" href=\"https:\/\/x-crate.com\/es\/imprimir\/\" \/>\n<meta property=\"og:locale\" content=\"es_ES\" \/>\n<meta property=\"og:type\" content=\"article\" \/>\n<meta property=\"og:title\" content=\"Impressum - X-CRATE\" \/>\n<meta property=\"og:description\" content=\"Impressum Fuchs Fabio, Rieckmann Ben Dierk GbRBeethovenstra\u00dfe 663768 H\u00f6sbach Vertreten durch:Rieckmann Ben Dierk, Fuchs Fabio \u00a0 Kontakt Telefon: +496021 3274507E-Mail: [&hellip;]\" \/>\n<meta property=\"og:url\" content=\"https:\/\/x-crate.com\/es\/imprimir\/\" \/>\n<meta property=\"og:site_name\" content=\"X-CRATE\" \/>\n<meta property=\"article:publisher\" content=\"https:\/\/www.facebook.com\/xCrate.germany\" \/>\n<meta property=\"article:modified_time\" content=\"2025-07-25T09:10:02+00:00\" \/>\n<meta name=\"twitter:card\" content=\"summary_large_image\" \/>\n<script type=\"application\/ld+json\" class=\"yoast-schema-graph\">{\"@context\":\"https:\\\/\\\/schema.org\",\"@graph\":[{\"@type\":\"WebPage\",\"@id\":\"https:\\\/\\\/x-crate.com\\\/en\\\/imprint\\\/\",\"url\":\"https:\\\/\\\/x-crate.com\\\/en\\\/imprint\\\/\",\"name\":\"Impressum - X-CRATE\",\"isPartOf\":{\"@id\":\"https:\\\/\\\/moccasin-hare-903999.hostingersite.com\\\/#website\"},\"datePublished\":\"2024-12-13T13:20:47+00:00\",\"dateModified\":\"2025-07-25T09:10:02+00:00\",\"breadcrumb\":{\"@id\":\"https:\\\/\\\/x-crate.com\\\/en\\\/imprint\\\/#breadcrumb\"},\"inLanguage\":\"es\",\"potentialAction\":[{\"@type\":\"ReadAction\",\"target\":[\"https:\\\/\\\/x-crate.com\\\/en\\\/imprint\\\/\"]}]},{\"@type\":\"BreadcrumbList\",\"@id\":\"https:\\\/\\\/x-crate.com\\\/en\\\/imprint\\\/#breadcrumb\",\"itemListElement\":[{\"@type\":\"ListItem\",\"position\":1,\"name\":\"Startseite\",\"item\":\"https:\\\/\\\/x-crate.com\\\/\"},{\"@type\":\"ListItem\",\"position\":2,\"name\":\"Impressum\"}]},{\"@type\":\"WebSite\",\"@id\":\"https:\\\/\\\/moccasin-hare-903999.hostingersite.com\\\/#website\",\"url\":\"https:\\\/\\\/moccasin-hare-903999.hostingersite.com\\\/\",\"name\":\"X-CRATE\",\"description\":\"Outdoor Spielebox - Time to play!\",\"publisher\":{\"@id\":\"https:\\\/\\\/moccasin-hare-903999.hostingersite.com\\\/#organization\"},\"potentialAction\":[{\"@type\":\"SearchAction\",\"target\":{\"@type\":\"EntryPoint\",\"urlTemplate\":\"https:\\\/\\\/moccasin-hare-903999.hostingersite.com\\\/?s={search_term_string}\"},\"query-input\":{\"@type\":\"PropertyValueSpecification\",\"valueRequired\":true,\"valueName\":\"search_term_string\"}}],\"inLanguage\":\"es\"},{\"@type\":\"Organization\",\"@id\":\"https:\\\/\\\/moccasin-hare-903999.hostingersite.com\\\/#organization\",\"name\":\"X-CRATE\",\"url\":\"https:\\\/\\\/moccasin-hare-903999.hostingersite.com\\\/\",\"logo\":{\"@type\":\"ImageObject\",\"inLanguage\":\"es\",\"@id\":\"https:\\\/\\\/moccasin-hare-903999.hostingersite.com\\\/#\\\/schema\\\/logo\\\/image\\\/\",\"url\":\"https:\\\/\\\/x-crate.com\\\/wp-content\\\/uploads\\\/2025\\\/07\\\/Logo.svg\",\"contentUrl\":\"https:\\\/\\\/x-crate.com\\\/wp-content\\\/uploads\\\/2025\\\/07\\\/Logo.svg\",\"width\":4984,\"height\":3630,\"caption\":\"X-CRATE\"},\"image\":{\"@id\":\"https:\\\/\\\/moccasin-hare-903999.hostingersite.com\\\/#\\\/schema\\\/logo\\\/image\\\/\"},\"sameAs\":[\"https:\\\/\\\/www.facebook.com\\\/xCrate.germany\",\"https:\\\/\\\/www.instagram.com\\\/xcrate.de\\\/\",\"https:\\\/\\\/www.linkedin.com\\\/company\\\/x-crate\\\/\"]}]}<\/script>\n<!-- \/ Yoast SEO plugin. -->","yoast_head_json":{"title":"Pie de imprenta - X-CRATE","robots":{"index":"index","follow":"follow","max-snippet":"max-snippet:-1","max-image-preview":"max-image-preview:large","max-video-preview":"max-video-preview:-1"},"canonical":"https:\/\/x-crate.com\/es\/imprimir\/","og_locale":"es_ES","og_type":"article","og_title":"Impressum - X-CRATE","og_description":"Impressum Fuchs Fabio, Rieckmann Ben Dierk GbRBeethovenstra\u00dfe 663768 H\u00f6sbach Vertreten durch:Rieckmann Ben Dierk, Fuchs Fabio \u00a0 Kontakt Telefon: +496021 3274507E-Mail: [&hellip;]","og_url":"https:\/\/x-crate.com\/es\/imprimir\/","og_site_name":"X-CRATE","article_publisher":"https:\/\/www.facebook.com\/xCrate.germany","article_modified_time":"2025-07-25T09:10:02+00:00","twitter_card":"summary_large_image","schema":{"@context":"https:\/\/schema.org","@graph":[{"@type":"WebPage","@id":"https:\/\/x-crate.com\/en\/imprint\/","url":"https:\/\/x-crate.com\/en\/imprint\/","name":"Pie de imprenta - X-CRATE","isPartOf":{"@id":"https:\/\/moccasin-hare-903999.hostingersite.com\/#website"},"datePublished":"2024-12-13T13:20:47+00:00","dateModified":"2025-07-25T09:10:02+00:00","breadcrumb":{"@id":"https:\/\/x-crate.com\/en\/imprint\/#breadcrumb"},"inLanguage":"es","potentialAction":[{"@type":"ReadAction","target":["https:\/\/x-crate.com\/en\/imprint\/"]}]},{"@type":"BreadcrumbList","@id":"https:\/\/x-crate.com\/en\/imprint\/#breadcrumb","itemListElement":[{"@type":"ListItem","position":1,"name":"Startseite","item":"https:\/\/x-crate.com\/"},{"@type":"ListItem","position":2,"name":"Impressum"}]},{"@type":"WebSite","@id":"https:\/\/moccasin-hare-903999.hostingersite.com\/#website","url":"https:\/\/moccasin-hare-903999.hostingersite.com\/","name":"X-CRATE","description":"Caja de juegos de exterior - \u00a1Hora de jugar!","publisher":{"@id":"https:\/\/moccasin-hare-903999.hostingersite.com\/#organization"},"potentialAction":[{"@type":"SearchAction","target":{"@type":"EntryPoint","urlTemplate":"https:\/\/moccasin-hare-903999.hostingersite.com\/?s={search_term_string}"},"query-input":{"@type":"PropertyValueSpecification","valueRequired":true,"valueName":"search_term_string"}}],"inLanguage":"es"},{"@type":"Organization","@id":"https:\/\/moccasin-hare-903999.hostingersite.com\/#organization","name":"X-CRATE","url":"https:\/\/moccasin-hare-903999.hostingersite.com\/","logo":{"@type":"ImageObject","inLanguage":"es","@id":"https:\/\/moccasin-hare-903999.hostingersite.com\/#\/schema\/logo\/image\/","url":"https:\/\/x-crate.com\/wp-content\/uploads\/2025\/07\/Logo.svg","contentUrl":"https:\/\/x-crate.com\/wp-content\/uploads\/2025\/07\/Logo.svg","width":4984,"height":3630,"caption":"X-CRATE"},"image":{"@id":"https:\/\/moccasin-hare-903999.hostingersite.com\/#\/schema\/logo\/image\/"},"sameAs":["https:\/\/www.facebook.com\/xCrate.germany","https:\/\/www.instagram.com\/xcrate.de\/","https:\/\/www.linkedin.com\/company\/x-crate\/"]}]}},"_links":{"self":[{"href":"https:\/\/x-crate.com\/es\/wp-json\/wp\/v2\/pages\/831","targetHints":{"allow":["GET"]}}],"collection":[{"href":"https:\/\/x-crate.com\/es\/wp-json\/wp\/v2\/pages"}],"about":[{"href":"https:\/\/x-crate.com\/es\/wp-json\/wp\/v2\/types\/page"}],"author":[{"embeddable":true,"href":"https:\/\/x-crate.com\/es\/wp-json\/wp\/v2\/users\/1"}],"replies":[{"embeddable":true,"href":"https:\/\/x-crate.com\/es\/wp-json\/wp\/v2\/comments?post=831"}],"version-history":[{"count":9,"href":"https:\/\/x-crate.com\/es\/wp-json\/wp\/v2\/pages\/831\/revisions"}],"predecessor-version":[{"id":2026,"href":"https:\/\/x-crate.com\/es\/wp-json\/wp\/v2\/pages\/831\/revisions\/2026"}],"wp:attachment":[{"href":"https:\/\/x-crate.com\/es\/wp-json\/wp\/v2\/media?parent=831"}],"curies":[{"name":"wp","href":"https:\/\/api.w.org\/{rel}","templated":true}]}}