{"id":115,"date":"2024-09-19T00:58:21","date_gmt":"2024-09-18T22:58:21","guid":{"rendered":"https:\/\/x-crate.com\/?post_type=product&#038;p=115"},"modified":"2026-01-06T13:19:55","modified_gmt":"2026-01-06T12:19:55","slug":"x-caja-de-carton","status":"publish","type":"product","link":"https:\/\/x-crate.com\/es\/produkt\/x-crate-box\/","title":{"rendered":"X-CRATE - La caja de juegos de exterior"},"content":{"rendered":"","protected":false},"excerpt":{"rendered":"<p data-start=\"151\" data-end=\"538\"><strong data-start=\"151\" data-end=\"225\">La caja de juegos de exterior X-CRATE: diversi\u00f3n para todos al aire libre<\/strong><br data-start=\"225\" data-end=\"228\" \/>El X-CRATE contiene m\u00e1s de 20 juegos al aire libre para todas las edades, listos para usar, sin necesidad de preparaci\u00f3n. Ya sean familias, parejas o grupos de amigos: La caja ofrece entretenimiento variado al aire libre y convierte su alojamiento de vacaciones o camping en un verdadero punto de atracci\u00f3n.<\/p>\n<p data-start=\"540\" data-end=\"707\">Un c\u00f3digo QR permite a sus invitados acceder a una p\u00e1gina de juego digital con instrucciones en varios idiomas y variantes de juego interactivas y mejoradas digitalmente.<\/p>","protected":false},"featured_media":1660,"comment_status":"closed","ping_status":"closed","template":"","meta":{"_acf_changed":false,"site-sidebar-layout":"default","site-content-layout":"","ast-site-content-layout":"default","site-content-style":"default","site-sidebar-style":"default","ast-global-header-display":"","ast-banner-title-visibility":"","ast-main-header-display":"","ast-hfb-above-header-display":"","ast-hfb-below-header-display":"","ast-hfb-mobile-header-display":"","site-post-title":"","ast-breadcrumbs-content":"","ast-featured-img":"","footer-sml-layout":"","ast-disable-related-posts":"","theme-transparent-header-meta":"default","adv-header-id-meta":"","stick-header-meta":"","header-above-stick-meta":"","header-main-stick-meta":"","header-below-stick-meta":"","astra-migrate-meta-layouts":"set","ast-page-background-enabled":"default","ast-page-background-meta":{"desktop":{"background-color":"var(--ast-global-color-5)","background-image":"","background-repeat":"repeat","background-position":"center center","background-size":"auto","background-attachment":"scroll","background-type":"","background-media":"","overlay-type":"","overlay-color":"","overlay-opacity":"","overlay-gradient":""},"tablet":{"background-color":"","background-image":"","background-repeat":"repeat","background-position":"center center","background-size":"auto","background-attachment":"scroll","background-type":"","background-media":"","overlay-type":"","overlay-color":"","overlay-opacity":"","overlay-gradient":""},"mobile":{"background-color":"","background-image":"","background-repeat":"repeat","background-position":"center center","background-size":"auto","background-attachment":"scroll","background-type":"","background-media":"","overlay-type":"","overlay-color":"","overlay-opacity":"","overlay-gradient":""}},"ast-content-background-meta":{"desktop":{"background-color":"var(--ast-global-color-4)","background-image":"","background-repeat":"repeat","background-position":"center center","background-size":"auto","background-attachment":"scroll","background-type":"","background-media":"","overlay-type":"","overlay-color":"","overlay-opacity":"","overlay-gradient":""},"tablet":{"background-color":"var(--ast-global-color-4)","background-image":"","background-repeat":"repeat","background-position":"center center","background-size":"auto","background-attachment":"scroll","background-type":"","background-media":"","overlay-type":"","overlay-color":"","overlay-opacity":"","overlay-gradient":""},"mobile":{"background-color":"var(--ast-global-color-4)","background-image":"","background-repeat":"repeat","background-position":"center center","background-size":"auto","background-attachment":"scroll","background-type":"","background-media":"","overlay-type":"","overlay-color":"","overlay-opacity":"","overlay-gradient":""}}},"product_brand":[],"product_cat":[92],"product_tag":[],"class_list":{"0":"post-115","1":"product","2":"type-product","3":"status-publish","4":"has-post-thumbnail","6":"product_cat-x-crate-outdoor-spielebox","7":"desktop-align-left","8":"tablet-align-left","9":"mobile-align-left","11":"first","12":"instock","13":"taxable","14":"shipping-taxable","15":"purchasable","16":"product-type-simple"},"acf":[],"yoast_head":"<!-- This site is optimized with the Yoast SEO plugin v27.4 - https:\/\/yoast.com\/product\/yoast-seo-wordpress\/ -->\n<title>X-CRATE \u2013 Die Outdoor Spielebox - X-CRATE<\/title>\n<meta name=\"robots\" content=\"index, follow, max-snippet:-1, max-image-preview:large, max-video-preview:-1\" \/>\n<link rel=\"canonical\" href=\"https:\/\/x-crate.com\/es\/producto\/x-caja-de-carton\/\" \/>\n<meta property=\"og:locale\" content=\"es_ES\" \/>\n<meta property=\"og:type\" content=\"article\" \/>\n<meta property=\"og:title\" content=\"X-CRATE \u2013 Die Outdoor Spielebox - X-CRATE\" \/>\n<meta property=\"og:description\" content=\"Die Outdoor-Spielebox X-CRATE \u2013 Spielspa\u00df f\u00fcr alle unter freiem HimmelDie X-CRATE enth\u00e4lt \u00fcber 20 Outdoor-Spiele f\u00fcr alle Altersgruppen \u2013 direkt einsatzbereit, ganz ohne Vorbereitung. Ob Familien, Paare oder Freundesgruppen: Die Box sorgt f\u00fcr abwechslungsreiche Unterhaltung an der frischen Luft und macht Ihre Ferienunterkunft oder Ihren Campingplatz zu einem echten Highlight. \u00dcber einen QR-Code erhalten Ihre G\u00e4ste Zugang zu einer digitalen Spieleseite mit Anleitungen in mehreren Sprachen sowie interaktiven, digital erg\u00e4nzten Spielvarianten.\" \/>\n<meta property=\"og:url\" content=\"https:\/\/x-crate.com\/es\/producto\/x-caja-de-carton\/\" \/>\n<meta property=\"og:site_name\" content=\"X-CRATE\" \/>\n<meta property=\"article:publisher\" content=\"https:\/\/www.facebook.com\/xCrate.germany\" \/>\n<meta property=\"article:modified_time\" content=\"2026-01-06T12:19:55+00:00\" \/>\n<meta property=\"og:image\" content=\"https:\/\/x-crate.com\/wp-content\/uploads\/2024\/09\/X-CRATE_1080px.png\" \/>\n\t<meta property=\"og:image:width\" content=\"864\" \/>\n\t<meta property=\"og:image:height\" content=\"1080\" \/>\n\t<meta property=\"og:image:type\" content=\"image\/png\" \/>\n<meta name=\"twitter:card\" content=\"summary_large_image\" \/>\n<meta name=\"twitter:label1\" content=\"Tiempo de lectura\" \/>\n\t<meta name=\"twitter:data1\" content=\"1 minuto\" \/>\n<script type=\"application\/ld+json\" class=\"yoast-schema-graph\">{\"@context\":\"https:\\\/\\\/schema.org\",\"@graph\":[{\"@type\":\"WebPage\",\"@id\":\"https:\\\/\\\/x-crate.com\\\/produkt\\\/x-crate-box\\\/\",\"url\":\"https:\\\/\\\/x-crate.com\\\/produkt\\\/x-crate-box\\\/\",\"name\":\"X-CRATE \u2013 Die Outdoor Spielebox - X-CRATE\",\"isPartOf\":{\"@id\":\"https:\\\/\\\/moccasin-hare-903999.hostingersite.com\\\/#website\"},\"primaryImageOfPage\":{\"@id\":\"https:\\\/\\\/x-crate.com\\\/produkt\\\/x-crate-box\\\/#primaryimage\"},\"image\":{\"@id\":\"https:\\\/\\\/x-crate.com\\\/produkt\\\/x-crate-box\\\/#primaryimage\"},\"thumbnailUrl\":\"https:\\\/\\\/x-crate.com\\\/wp-content\\\/uploads\\\/2024\\\/09\\\/X-CRATE_1080px.png\",\"datePublished\":\"2024-09-18T22:58:21+00:00\",\"dateModified\":\"2026-01-06T12:19:55+00:00\",\"breadcrumb\":{\"@id\":\"https:\\\/\\\/x-crate.com\\\/produkt\\\/x-crate-box\\\/#breadcrumb\"},\"inLanguage\":\"es\",\"potentialAction\":[{\"@type\":\"ReadAction\",\"target\":[\"https:\\\/\\\/x-crate.com\\\/produkt\\\/x-crate-box\\\/\"]}]},{\"@type\":\"ImageObject\",\"inLanguage\":\"es\",\"@id\":\"https:\\\/\\\/x-crate.com\\\/produkt\\\/x-crate-box\\\/#primaryimage\",\"url\":\"https:\\\/\\\/x-crate.com\\\/wp-content\\\/uploads\\\/2024\\\/09\\\/X-CRATE_1080px.png\",\"contentUrl\":\"https:\\\/\\\/x-crate.com\\\/wp-content\\\/uploads\\\/2024\\\/09\\\/X-CRATE_1080px.png\",\"width\":864,\"height\":1080},{\"@type\":\"BreadcrumbList\",\"@id\":\"https:\\\/\\\/x-crate.com\\\/produkt\\\/x-crate-box\\\/#breadcrumb\",\"itemListElement\":[{\"@type\":\"ListItem\",\"position\":1,\"name\":\"Startseite\",\"item\":\"https:\\\/\\\/x-crate.com\\\/\"},{\"@type\":\"ListItem\",\"position\":2,\"name\":\"Produkte\",\"item\":\"https:\\\/\\\/x-crate.com\\\/shop\\\/\"},{\"@type\":\"ListItem\",\"position\":3,\"name\":\"X-CRATE \u2013 Die Outdoor Spielebox\"}]},{\"@type\":\"WebSite\",\"@id\":\"https:\\\/\\\/moccasin-hare-903999.hostingersite.com\\\/#website\",\"url\":\"https:\\\/\\\/moccasin-hare-903999.hostingersite.com\\\/\",\"name\":\"X-CRATE\",\"description\":\"Outdoor Spielebox - Time to play!\",\"publisher\":{\"@id\":\"https:\\\/\\\/moccasin-hare-903999.hostingersite.com\\\/#organization\"},\"potentialAction\":[{\"@type\":\"SearchAction\",\"target\":{\"@type\":\"EntryPoint\",\"urlTemplate\":\"https:\\\/\\\/moccasin-hare-903999.hostingersite.com\\\/?s={search_term_string}\"},\"query-input\":{\"@type\":\"PropertyValueSpecification\",\"valueRequired\":true,\"valueName\":\"search_term_string\"}}],\"inLanguage\":\"es\"},{\"@type\":\"Organization\",\"@id\":\"https:\\\/\\\/moccasin-hare-903999.hostingersite.com\\\/#organization\",\"name\":\"X-CRATE\",\"url\":\"https:\\\/\\\/moccasin-hare-903999.hostingersite.com\\\/\",\"logo\":{\"@type\":\"ImageObject\",\"inLanguage\":\"es\",\"@id\":\"https:\\\/\\\/moccasin-hare-903999.hostingersite.com\\\/#\\\/schema\\\/logo\\\/image\\\/\",\"url\":\"https:\\\/\\\/x-crate.com\\\/wp-content\\\/uploads\\\/2025\\\/07\\\/Logo.svg\",\"contentUrl\":\"https:\\\/\\\/x-crate.com\\\/wp-content\\\/uploads\\\/2025\\\/07\\\/Logo.svg\",\"width\":4984,\"height\":3630,\"caption\":\"X-CRATE\"},\"image\":{\"@id\":\"https:\\\/\\\/moccasin-hare-903999.hostingersite.com\\\/#\\\/schema\\\/logo\\\/image\\\/\"},\"sameAs\":[\"https:\\\/\\\/www.facebook.com\\\/xCrate.germany\",\"https:\\\/\\\/www.instagram.com\\\/xcrate.de\\\/\",\"https:\\\/\\\/www.linkedin.com\\\/company\\\/x-crate\\\/\"]}]}<\/script>\n<!-- \/ Yoast SEO plugin. -->","yoast_head_json":{"title":"X-CRATE - La caja de juegos de exterior - X-CRATE","robots":{"index":"index","follow":"follow","max-snippet":"max-snippet:-1","max-image-preview":"max-image-preview:large","max-video-preview":"max-video-preview:-1"},"canonical":"https:\/\/x-crate.com\/es\/producto\/x-caja-de-carton\/","og_locale":"es_ES","og_type":"article","og_title":"X-CRATE \u2013 Die Outdoor Spielebox - X-CRATE","og_description":"Die Outdoor-Spielebox X-CRATE \u2013 Spielspa\u00df f\u00fcr alle unter freiem HimmelDie X-CRATE enth\u00e4lt \u00fcber 20 Outdoor-Spiele f\u00fcr alle Altersgruppen \u2013 direkt einsatzbereit, ganz ohne Vorbereitung. Ob Familien, Paare oder Freundesgruppen: Die Box sorgt f\u00fcr abwechslungsreiche Unterhaltung an der frischen Luft und macht Ihre Ferienunterkunft oder Ihren Campingplatz zu einem echten Highlight. \u00dcber einen QR-Code erhalten Ihre G\u00e4ste Zugang zu einer digitalen Spieleseite mit Anleitungen in mehreren Sprachen sowie interaktiven, digital erg\u00e4nzten Spielvarianten.","og_url":"https:\/\/x-crate.com\/es\/producto\/x-caja-de-carton\/","og_site_name":"X-CRATE","article_publisher":"https:\/\/www.facebook.com\/xCrate.germany","article_modified_time":"2026-01-06T12:19:55+00:00","og_image":[{"width":864,"height":1080,"url":"https:\/\/x-crate.com\/wp-content\/uploads\/2024\/09\/X-CRATE_1080px.png","type":"image\/png"}],"twitter_card":"summary_large_image","twitter_misc":{"Tiempo de lectura":"1 minuto"},"schema":{"@context":"https:\/\/schema.org","@graph":[{"@type":"WebPage","@id":"https:\/\/x-crate.com\/produkt\/x-crate-box\/","url":"https:\/\/x-crate.com\/produkt\/x-crate-box\/","name":"X-CRATE - La caja de juegos de exterior - X-CRATE","isPartOf":{"@id":"https:\/\/moccasin-hare-903999.hostingersite.com\/#website"},"primaryImageOfPage":{"@id":"https:\/\/x-crate.com\/produkt\/x-crate-box\/#primaryimage"},"image":{"@id":"https:\/\/x-crate.com\/produkt\/x-crate-box\/#primaryimage"},"thumbnailUrl":"https:\/\/x-crate.com\/wp-content\/uploads\/2024\/09\/X-CRATE_1080px.png","datePublished":"2024-09-18T22:58:21+00:00","dateModified":"2026-01-06T12:19:55+00:00","breadcrumb":{"@id":"https:\/\/x-crate.com\/produkt\/x-crate-box\/#breadcrumb"},"inLanguage":"es","potentialAction":[{"@type":"ReadAction","target":["https:\/\/x-crate.com\/produkt\/x-crate-box\/"]}]},{"@type":"ImageObject","inLanguage":"es","@id":"https:\/\/x-crate.com\/produkt\/x-crate-box\/#primaryimage","url":"https:\/\/x-crate.com\/wp-content\/uploads\/2024\/09\/X-CRATE_1080px.png","contentUrl":"https:\/\/x-crate.com\/wp-content\/uploads\/2024\/09\/X-CRATE_1080px.png","width":864,"height":1080},{"@type":"BreadcrumbList","@id":"https:\/\/x-crate.com\/produkt\/x-crate-box\/#breadcrumb","itemListElement":[{"@type":"ListItem","position":1,"name":"Startseite","item":"https:\/\/x-crate.com\/"},{"@type":"ListItem","position":2,"name":"Produkte","item":"https:\/\/x-crate.com\/shop\/"},{"@type":"ListItem","position":3,"name":"X-CRATE \u2013 Die Outdoor Spielebox"}]},{"@type":"WebSite","@id":"https:\/\/moccasin-hare-903999.hostingersite.com\/#website","url":"https:\/\/moccasin-hare-903999.hostingersite.com\/","name":"X-CRATE","description":"Caja de juegos de exterior - \u00a1Hora de jugar!","publisher":{"@id":"https:\/\/moccasin-hare-903999.hostingersite.com\/#organization"},"potentialAction":[{"@type":"SearchAction","target":{"@type":"EntryPoint","urlTemplate":"https:\/\/moccasin-hare-903999.hostingersite.com\/?s={search_term_string}"},"query-input":{"@type":"PropertyValueSpecification","valueRequired":true,"valueName":"search_term_string"}}],"inLanguage":"es"},{"@type":"Organization","@id":"https:\/\/moccasin-hare-903999.hostingersite.com\/#organization","name":"X-CRATE","url":"https:\/\/moccasin-hare-903999.hostingersite.com\/","logo":{"@type":"ImageObject","inLanguage":"es","@id":"https:\/\/moccasin-hare-903999.hostingersite.com\/#\/schema\/logo\/image\/","url":"https:\/\/x-crate.com\/wp-content\/uploads\/2025\/07\/Logo.svg","contentUrl":"https:\/\/x-crate.com\/wp-content\/uploads\/2025\/07\/Logo.svg","width":4984,"height":3630,"caption":"X-CRATE"},"image":{"@id":"https:\/\/moccasin-hare-903999.hostingersite.com\/#\/schema\/logo\/image\/"},"sameAs":["https:\/\/www.facebook.com\/xCrate.germany","https:\/\/www.instagram.com\/xcrate.de\/","https:\/\/www.linkedin.com\/company\/x-crate\/"]}]}},"_links":{"self":[{"href":"https:\/\/x-crate.com\/es\/wp-json\/wp\/v2\/product\/115","targetHints":{"allow":["GET"]}}],"collection":[{"href":"https:\/\/x-crate.com\/es\/wp-json\/wp\/v2\/product"}],"about":[{"href":"https:\/\/x-crate.com\/es\/wp-json\/wp\/v2\/types\/product"}],"replies":[{"embeddable":true,"href":"https:\/\/x-crate.com\/es\/wp-json\/wp\/v2\/comments?post=115"}],"version-history":[{"count":9,"href":"https:\/\/x-crate.com\/es\/wp-json\/wp\/v2\/product\/115\/revisions"}],"predecessor-version":[{"id":1937,"href":"https:\/\/x-crate.com\/es\/wp-json\/wp\/v2\/product\/115\/revisions\/1937"}],"wp:featuredmedia":[{"embeddable":true,"href":"https:\/\/x-crate.com\/es\/wp-json\/wp\/v2\/media\/1660"}],"wp:attachment":[{"href":"https:\/\/x-crate.com\/es\/wp-json\/wp\/v2\/media?parent=115"}],"wp:term":[{"taxonomy":"product_brand","embeddable":true,"href":"https:\/\/x-crate.com\/es\/wp-json\/wp\/v2\/product_brand?post=115"},{"taxonomy":"product_cat","embeddable":true,"href":"https:\/\/x-crate.com\/es\/wp-json\/wp\/v2\/product_cat?post=115"},{"taxonomy":"product_tag","embeddable":true,"href":"https:\/\/x-crate.com\/es\/wp-json\/wp\/v2\/product_tag?post=115"}],"curies":[{"name":"wp","href":"https:\/\/api.w.org\/{rel}","templated":true}]}}